{"id":5967,"date":"2021-08-21T12:42:14","date_gmt":"2021-08-21T09:42:14","guid":{"rendered":"https:\/\/oncocare-austria.com\/tratament\/"},"modified":"2026-02-09T09:36:24","modified_gmt":"2026-02-09T06:36:24","slug":"tratament","status":"publish","type":"page","link":"https:\/\/oncocare-austria.com\/en\/tratament\/","title":{"rendered":"Treatment"},"content":{"rendered":"<div data-elementor-type=\"wp-post\" data-elementor-id=\"5967\" class=\"elementor elementor-5967\">\n\t\t\t\t\t\t<section class=\"elementor-section elementor-top-section elementor-element elementor-element-c5c3c8a elementor-section-boxed elementor-section-height-default elementor-section-height-default\" data-id=\"c5c3c8a\" data-element_type=\"section\" data-e-type=\"section\">\n\t\t\t\t\t\t<div class=\"elementor-container elementor-column-gap-default\">\n\t\t\t\t\t<div class=\"elementor-column elementor-col-100 elementor-top-column elementor-element elementor-element-a761c8c\" data-id=\"a761c8c\" data-element_type=\"column\" data-e-type=\"column\">\n\t\t\t<div class=\"elementor-widget-wrap elementor-element-populated\">\n\t\t\t\t\t\t<div class=\"elementor-element elementor-element-9e7751d elementor-widget elementor-widget-spacer\" data-id=\"9e7751d\" data-element_type=\"widget\" data-e-type=\"widget\" data-widget_type=\"spacer.default\">\n\t\t\t\t<div class=\"elementor-widget-container\">\n\t\t\t\t\t\t\t<div class=\"elementor-spacer\">\n\t\t\t<div class=\"elementor-spacer-inner\"><\/div>\n\t\t<\/div>\n\t\t\t\t\t\t<\/div>\n\t\t\t\t<\/div>\n\t\t\t\t<div class=\"elementor-element elementor-element-e6cec70 elementor-widget elementor-widget-heading\" data-id=\"e6cec70\" data-element_type=\"widget\" data-e-type=\"widget\" data-widget_type=\"heading.default\">\n\t\t\t\t<div class=\"elementor-widget-container\">\n\t\t\t\t\t<h2 class=\"elementor-heading-title elementor-size-default\">Treatment<\/h2>\t\t\t\t<\/div>\n\t\t\t\t<\/div>\n\t\t\t\t<div class=\"elementor-element elementor-element-3781222 elementor-widget elementor-widget-spacer\" data-id=\"3781222\" data-element_type=\"widget\" data-e-type=\"widget\" data-widget_type=\"spacer.default\">\n\t\t\t\t<div class=\"elementor-widget-container\">\n\t\t\t\t\t\t\t<div class=\"elementor-spacer\">\n\t\t\t<div class=\"elementor-spacer-inner\"><\/div>\n\t\t<\/div>\n\t\t\t\t\t\t<\/div>\n\t\t\t\t<\/div>\n\t\t\t\t\t<\/div>\n\t\t<\/div>\n\t\t\t\t\t<\/div>\n\t\t<\/section>\n\t\t\t\t<section class=\"elementor-section elementor-top-section elementor-element elementor-element-3e0d52b elementor-section-boxed elementor-section-height-default elementor-section-height-default\" data-id=\"3e0d52b\" data-element_type=\"section\" data-e-type=\"section\">\n\t\t\t\t\t\t<div class=\"elementor-container elementor-column-gap-default\">\n\t\t\t\t\t<div class=\"elementor-column elementor-col-100 elementor-top-column elementor-element elementor-element-e5e1710\" data-id=\"e5e1710\" data-element_type=\"column\" data-e-type=\"column\">\n\t\t\t<div class=\"elementor-widget-wrap elementor-element-populated\">\n\t\t\t\t\t\t<div class=\"elementor-element elementor-element-91bb689 elementor-widget elementor-widget-text-editor\" data-id=\"91bb689\" data-element_type=\"widget\" data-e-type=\"widget\" data-widget_type=\"text-editor.default\">\n\t\t\t\t<div class=\"elementor-widget-container\">\n\t\t\t\t\t\t\t\t\t<p>An important requirement for successful treatment is close cooperation of oncologists, surgeons, pathologists, radiologists, specialists in nuclear medicine and radiation therapists. The therapy that is used is chosen on an individual basis. But it is guaranteed that in Austria only the most modern, most effective and best therapy will be recommended to you.<\/p>\n\t\t\t\t\t\t\t\t<\/div>\n\t\t\t\t<\/div>\n\t\t\t\t\t<\/div>\n\t\t<\/div>\n\t\t\t\t\t<\/div>\n\t\t<\/section>\n\t\t\t\t<section class=\"elementor-section elementor-top-section elementor-element elementor-element-288cb9f elementor-section-full_width elementor-section-height-default elementor-section-height-default\" data-id=\"288cb9f\" data-element_type=\"section\" data-e-type=\"section\">\n\t\t\t\t\t\t<div class=\"elementor-container elementor-column-gap-default\">\n\t\t\t\t\t<div class=\"elementor-column elementor-col-100 elementor-top-column elementor-element elementor-element-c52400f\" data-id=\"c52400f\" data-element_type=\"column\" data-e-type=\"column\">\n\t\t\t<div class=\"elementor-widget-wrap elementor-element-populated\">\n\t\t\t\t\t\t<div class=\"elementor-element elementor-element-e46c001 elementor-invisible elementor-widget elementor-widget-image\" data-id=\"e46c001\" data-element_type=\"widget\" data-e-type=\"widget\" data-settings=\"{&quot;_animation&quot;:&quot;zoomIn&quot;}\" data-widget_type=\"image.default\">\n\t\t\t\t<div class=\"elementor-widget-container\">\n\t\t\t\t\t\t\t\t\t\t\t\t\t\t\t<img fetchpriority=\"high\" decoding=\"async\" width=\"2560\" height=\"1280\" src=\"https:\/\/oncocare-austria.com\/wp-content\/uploads\/2026\/02\/tratament-wide-scaled.jpg\" class=\"attachment-full size-full wp-image-7333\" alt=\"\" srcset=\"https:\/\/oncocare-austria.com\/wp-content\/uploads\/2026\/02\/tratament-wide-scaled.jpg 2560w, https:\/\/oncocare-austria.com\/wp-content\/uploads\/2026\/02\/tratament-wide-300x150.jpg 300w, https:\/\/oncocare-austria.com\/wp-content\/uploads\/2026\/02\/tratament-wide-1024x512.jpg 1024w, https:\/\/oncocare-austria.com\/wp-content\/uploads\/2026\/02\/tratament-wide-768x384.jpg 768w, https:\/\/oncocare-austria.com\/wp-content\/uploads\/2026\/02\/tratament-wide-1536x768.jpg 1536w, https:\/\/oncocare-austria.com\/wp-content\/uploads\/2026\/02\/tratament-wide-2048x1024.jpg 2048w, https:\/\/oncocare-austria.com\/wp-content\/uploads\/2026\/02\/tratament-wide-18x9.jpg 18w\" sizes=\"(max-width: 2560px) 100vw, 2560px\" \/>\t\t\t\t\t\t\t\t\t\t\t\t\t\t\t<\/div>\n\t\t\t\t<\/div>\n\t\t\t\t<div class=\"elementor-element elementor-element-ff10753 elementor-widget elementor-widget-spacer\" data-id=\"ff10753\" data-element_type=\"widget\" data-e-type=\"widget\" data-widget_type=\"spacer.default\">\n\t\t\t\t<div class=\"elementor-widget-container\">\n\t\t\t\t\t\t\t<div class=\"elementor-spacer\">\n\t\t\t<div class=\"elementor-spacer-inner\"><\/div>\n\t\t<\/div>\n\t\t\t\t\t\t<\/div>\n\t\t\t\t<\/div>\n\t\t\t\t\t<\/div>\n\t\t<\/div>\n\t\t\t\t\t<\/div>\n\t\t<\/section>\n\t\t\t\t<section class=\"elementor-section elementor-top-section elementor-element elementor-element-25b12fc elementor-section-boxed elementor-section-height-default elementor-section-height-default\" data-id=\"25b12fc\" data-element_type=\"section\" data-e-type=\"section\">\n\t\t\t\t\t\t<div class=\"elementor-container elementor-column-gap-default\">\n\t\t\t\t\t<div class=\"elementor-column elementor-col-100 elementor-top-column elementor-element elementor-element-ceb8201\" data-id=\"ceb8201\" data-element_type=\"column\" data-e-type=\"column\">\n\t\t\t<div class=\"elementor-widget-wrap elementor-element-populated\">\n\t\t\t\t\t\t<div class=\"elementor-element elementor-element-4d471f4 elementor-widget elementor-widget-spacer\" data-id=\"4d471f4\" data-element_type=\"widget\" data-e-type=\"widget\" data-widget_type=\"spacer.default\">\n\t\t\t\t<div class=\"elementor-widget-container\">\n\t\t\t\t\t\t\t<div class=\"elementor-spacer\">\n\t\t\t<div class=\"elementor-spacer-inner\"><\/div>\n\t\t<\/div>\n\t\t\t\t\t\t<\/div>\n\t\t\t\t<\/div>\n\t\t\t\t\t<\/div>\n\t\t<\/div>\n\t\t\t\t\t<\/div>\n\t\t<\/section>\n\t\t\t\t<section class=\"elementor-section elementor-top-section elementor-element elementor-element-66b3f03 elementor-section-boxed elementor-section-height-default elementor-section-height-default\" data-id=\"66b3f03\" data-element_type=\"section\" data-e-type=\"section\">\n\t\t\t\t\t\t<div class=\"elementor-container elementor-column-gap-default\">\n\t\t\t\t\t<div class=\"elementor-column elementor-col-100 elementor-top-column elementor-element elementor-element-7f82c3d\" data-id=\"7f82c3d\" data-element_type=\"column\" data-e-type=\"column\">\n\t\t\t<div class=\"elementor-widget-wrap elementor-element-populated\">\n\t\t\t\t\t\t<div class=\"elementor-element elementor-element-3305e05 elementor-widget elementor-widget-text-editor\" data-id=\"3305e05\" data-element_type=\"widget\" data-e-type=\"widget\" data-widget_type=\"text-editor.default\">\n\t\t\t\t<div class=\"elementor-widget-container\">\n\t\t\t\t\t\t\t\t\t<p>According to the individual situation, patients are offered participation in front line studies as well as individualized forms of treatment. With personalized cancer treatment, our experts target specific molecules that allow cancer cells to grow and spread in the body. Researchers find new targets every year and create and test new drugs for these targets<\/p>\n\t\t\t\t\t\t\t\t<\/div>\n\t\t\t\t<\/div>\n\t\t\t\t\t<\/div>\n\t\t<\/div>\n\t\t\t\t\t<\/div>\n\t\t<\/section>\n\t\t\t\t<section class=\"elementor-section elementor-top-section elementor-element elementor-element-0a4e408 elementor-section-boxed elementor-section-height-default elementor-section-height-default\" data-id=\"0a4e408\" data-element_type=\"section\" data-e-type=\"section\">\n\t\t\t\t\t\t<div class=\"elementor-container elementor-column-gap-default\">\n\t\t\t\t\t<div class=\"elementor-column elementor-col-100 elementor-top-column elementor-element elementor-element-e5dfb1b\" data-id=\"e5dfb1b\" data-element_type=\"column\" data-e-type=\"column\">\n\t\t\t<div class=\"elementor-widget-wrap elementor-element-populated\">\n\t\t\t\t\t\t<div class=\"elementor-element elementor-element-7564493 elementor-widget elementor-widget-spacer\" data-id=\"7564493\" data-element_type=\"widget\" data-e-type=\"widget\" data-widget_type=\"spacer.default\">\n\t\t\t\t<div class=\"elementor-widget-container\">\n\t\t\t\t\t\t\t<div class=\"elementor-spacer\">\n\t\t\t<div class=\"elementor-spacer-inner\"><\/div>\n\t\t<\/div>\n\t\t\t\t\t\t<\/div>\n\t\t\t\t<\/div>\n\t\t\t\t\t<\/div>\n\t\t<\/div>\n\t\t\t\t\t<\/div>\n\t\t<\/section>\n\t\t<div class=\"elementor-element elementor-element-fdb3062 e-flex e-con-boxed e-con e-parent\" data-id=\"fdb3062\" data-element_type=\"container\" data-e-type=\"container\">\n\t\t\t\t\t<div class=\"e-con-inner\">\n\t\t\t\t<div class=\"elementor-element elementor-element-163313b elementor-widget elementor-widget-shortcode\" data-id=\"163313b\" data-element_type=\"widget\" data-e-type=\"widget\" data-widget_type=\"shortcode.default\">\n\t\t\t\t<div class=\"elementor-widget-container\">\n\t\t\t\t\t\t\t<div class=\"elementor-shortcode\"><div class=\"servicii-medicale-container\"><h1>Servicii Medicale<\/h1><div class=\"servicii-medicale-grid\"><div class=\"serviciu-medical-item\" data-tippy-content=\"Chimioterapia poate fi utilizat\u0103 \u00eenainte de opera\u021bii (pentru a mic\u0219ora tumorile) sau dup\u0103 opera\u021bii (pentru a preveni sau elimina metastazele).\"><div class=\"serviciu-imagine\"><img decoding=\"async\" src=\"https:\/\/oncocare-austria.com\/wp-content\/uploads\/2025\/01\/1.jpg\" alt=\"Chimioterapie\" \/><h3 class=\"serviciu-titlu\">Chemotherapy<\/h3><\/div><div class=\"serviciu-descriere mobile-only\"><p>Chemotherapy can be used before operations (to shrink tumours) or after operations (to prevent or eliminate metastases).<\/p><\/div><\/div><div class=\"serviciu-medical-item\" data-tippy-content=\"Chirurgie oncologic\u0103 a s\u00e2nului, reconstruc\u021bie mamar\u0103 Chirurgie oncologic\u0103 hepatic\u0103 \u0219i biliar\u0103 Chirurgia oncologic\u0103 a tractului gastrointestinal inferior \u0219i colorectal Chirurgia tumorilor spinale Opera\u021bia de cancer gastric Chirurgie toracic\u0103\"><div class=\"serviciu-imagine\"><img decoding=\"async\" src=\"https:\/\/oncocare-austria.com\/wp-content\/uploads\/2025\/01\/2.jpg\" alt=\"Chirurgie oncologic\u0103 inovatoare\" \/><h3 class=\"serviciu-titlu\">Innovative Oncological Surgery<\/h3><\/div><div class=\"serviciu-descriere mobile-only\"><p>Chirurgie oncologic\u0103 a s\u00e2nului, reconstruc\u021bie mamar\u0103 Chirurgie oncologic\u0103 hepatic\u0103 \u0219i biliar\u0103 Chirurgia oncologic\u0103 a tractului gastrointestinal inferior \u0219i colorectal Chirurgia tumorilor spinale Opera\u021bia de cancer gastric Chirurgie toracic\u0103<\/p><\/div><\/div><div class=\"serviciu-medical-item\" data-tippy-content=\"Imunoterapia blocheaz\u0103 cascade importante de semnalizare biochimic\u0103 \u0219i sprijin\u0103 sistemul imunitar.\"><div class=\"serviciu-imagine\"><img decoding=\"async\" src=\"https:\/\/oncocare-austria.com\/wp-content\/uploads\/2025\/01\/3.jpg\" alt=\"Imunoterapia\" \/><h3 class=\"serviciu-titlu\">Imunoterapia<\/h3><\/div><div class=\"serviciu-descriere mobile-only\"><p>Immunotherapy blocks important biochemical signalling cascades and supports the immune system.<\/p><\/div><\/div><div class=\"serviciu-medical-item\" data-tippy-content=\"Radia\u021biile sunt \u00een mod normal combinate cu interven\u021bii chirurgicale \u0219i\/sau chimioterapie. Scopul este de a distruge tumora \u0219i\/sau orice alte celule tumorale care mai exist\u0103.\"><div class=\"serviciu-imagine\"><img decoding=\"async\" src=\"https:\/\/oncocare-austria.com\/wp-content\/uploads\/2025\/01\/4.jpg\" alt=\"Radioterapie\" \/><h3 class=\"serviciu-titlu\">Radiotherapy<\/h3><\/div><div class=\"serviciu-descriere mobile-only\"><p>Radia\u021biile sunt \u00een mod normal combinate cu interven\u021bii chirurgicale \u0219i\/sau chimioterapie. Scopul este de a distruge tumora \u0219i\/sau orice alte celule tumorale care mai exist\u0103.<\/p><\/div><\/div><div class=\"serviciu-medical-item\" data-tippy-content=\"Terapia \u021bintit\u0103 este o form\u0103 avansat\u0103 de tratament care vizeaz\u0103 specific celulele canceroase, inhib\u00e2nd procesele biochimice care le permit s\u0103 creasc\u0103 \u0219i s\u0103 se r\u0103sp\u00e2ndeasc\u0103. Prin identificarea markerilor moleculari din tumorile pacientului, acest tratament este personalizat pentru fiecare caz \u00een parte, av\u00e2nd ca scop minimizarea efectelor secundare \u0219i maximizarea eficien\u021bei \u00een combaterea cancerului.\"><div class=\"serviciu-imagine\"><img decoding=\"async\" src=\"https:\/\/oncocare-austria.com\/wp-content\/uploads\/2025\/01\/5.jpg\" alt=\"Terapia \u021bintit\u0103 (personalizat\u0103)\" \/><h3 class=\"serviciu-titlu\">Targeted (personalized) therapy<\/h3><\/div><div class=\"serviciu-descriere mobile-only\"><p>Terapia \u021bintit\u0103 este o form\u0103 avansat\u0103 de tratament care vizeaz\u0103 specific celulele canceroase, inhib\u00e2nd procesele biochimice care le permit s\u0103 creasc\u0103 \u0219i s\u0103 se r\u0103sp\u00e2ndeasc\u0103. Prin identificarea markerilor moleculari din tumorile pacientului, acest tratament este personalizat pentru fiecare caz \u00een parte, av\u00e2nd ca scop minimizarea efectelor secundare \u0219i maximizarea eficien\u021bei \u00een combaterea cancerului.<\/p><\/div><\/div><div class=\"serviciu-medical-item\" data-tippy-content=\"Ar trebui s\u0103 limiteze cre\u0219terea cancerului \u0219i poate fi utilizat\u0103 pe termen lung.\"><div class=\"serviciu-imagine\"><img decoding=\"async\" src=\"https:\/\/oncocare-austria.com\/wp-content\/uploads\/2025\/01\/6.jpg\" alt=\"Terapie hormonal\u0103\" \/><h3 class=\"serviciu-titlu\">Terapie hormonal\u0103<\/h3><\/div><div class=\"serviciu-descriere mobile-only\"><p>Ar trebui s\u0103 limiteze cre\u0219terea cancerului \u0219i poate fi utilizat\u0103 pe termen lung.<\/p><\/div><\/div><\/div><\/div>\n<\/div>\n\t\t\t\t\t\t<\/div>\n\t\t\t\t<\/div>\n\t\t\t\t\t<\/div>\n\t\t\t\t<\/div>\n\t\t\t\t<section class=\"elementor-section elementor-top-section elementor-element elementor-element-c40f06c elementor-section-boxed elementor-section-height-default elementor-section-height-default\" data-id=\"c40f06c\" data-element_type=\"section\" data-e-type=\"section\">\n\t\t\t\t\t\t<div class=\"elementor-container elementor-column-gap-default\">\n\t\t\t\t\t<div class=\"elementor-column elementor-col-100 elementor-top-column elementor-element elementor-element-527cda4\" data-id=\"527cda4\" data-element_type=\"column\" data-e-type=\"column\">\n\t\t\t<div class=\"elementor-widget-wrap elementor-element-populated\">\n\t\t\t\t\t\t<div class=\"elementor-element elementor-element-2558f7b elementor-widget elementor-widget-text-editor\" data-id=\"2558f7b\" data-element_type=\"widget\" data-e-type=\"widget\" data-widget_type=\"text-editor.default\">\n\t\t\t\t<div class=\"elementor-widget-container\">\n\t\t\t\t\t\t\t\t\t<p>\n            <strong>OncoCare ensures that you will receive an individualized treatment for your own particularity. In order to receive your best treatment option, you need to <a href=\"https:\/\/oncocare-austria.com\/en\/#contact\">get in contact with us<\/a> and we will guide you in this process.<\/strong>\n          <\/p>\n\t\t\t\t\t\t\t\t<\/div>\n\t\t\t\t<\/div>\n\t\t\t\t\t<\/div>\n\t\t<\/div>\n\t\t\t\t\t<\/div>\n\t\t<\/section>\n\t\t\t\t<\/div>","protected":false},"excerpt":{"rendered":"<p>Tratament O cerin\u021b\u0103 important\u0103 pentru un tratament de succes este cooperarea str\u00e2ns\u0103 \u00eentre oncologi, chirurgi, patologi, radiologi, speciali\u0219ti \u00een medicin\u0103 nuclear\u0103 \u0219i radioterapeu\u021bi. Terapia utilizat\u0103 este aleas\u0103 \u00een mod individual. Dar este garantat faptul c\u0103 \u00een Austria v\u0103 va fi recomandat\u0103 doar cea mai modern\u0103, cea mai eficient\u0103 \u0219i cea mai bun\u0103 terapie. \u00cen func\u021bie [&hellip;]<\/p>\n","protected":false},"author":1,"featured_media":0,"parent":0,"menu_order":0,"comment_status":"closed","ping_status":"closed","template":"elementor_header_footer","meta":{"_acf_changed":false,"footnotes":""},"class_list":["post-5967","page","type-page","status-publish","hentry"],"acf":[],"yoast_head":"<!-- This site is optimized with the Yoast SEO plugin v27.3 - https:\/\/yoast.com\/product\/yoast-seo-wordpress\/ -->\n<title>Tratament Oncologic Personalizat \u00een Austria - OncoCare Austria<\/title>\n<meta name=\"description\" content=\"Beneficia\u021bi de tratamente oncologice moderne \u0219i personalizate \u00een Austria. OncoCare v\u0103 ofer\u0103 chimioterapie, imunoterapie, radioterapie \u0219i ...\" \/>\n<meta name=\"robots\" content=\"index, follow, max-snippet:-1, max-image-preview:large, max-video-preview:-1\" \/>\n<link rel=\"canonical\" href=\"https:\/\/oncocare-austria.com\/en\/tratament\/\" \/>\n<meta property=\"og:locale\" content=\"en_US\" \/>\n<meta property=\"og:type\" content=\"article\" \/>\n<meta property=\"og:title\" content=\"Tratament Oncologic Personalizat \u00een Austria - OncoCare Austria\" \/>\n<meta property=\"og:description\" content=\"Beneficia\u021bi de tratamente oncologice moderne \u0219i personalizate \u00een Austria. OncoCare v\u0103 ofer\u0103 chimioterapie, imunoterapie, radioterapie \u0219i ...\" \/>\n<meta property=\"og:url\" content=\"https:\/\/oncocare-austria.com\/en\/tratament\/\" \/>\n<meta property=\"og:site_name\" content=\"OncoCare Austria\" \/>\n<meta property=\"article:modified_time\" content=\"2026-02-09T06:36:24+00:00\" \/>\n<meta property=\"og:image\" content=\"https:\/\/oncocare-austria.com\/wp-content\/uploads\/2026\/02\/tratament-wide-scaled.jpg\" \/>\n\t<meta property=\"og:image:width\" content=\"2560\" \/>\n\t<meta property=\"og:image:height\" content=\"1280\" \/>\n\t<meta property=\"og:image:type\" content=\"image\/jpeg\" \/>\n<meta name=\"twitter:card\" content=\"summary_large_image\" \/>\n<meta name=\"twitter:label1\" content=\"Est. reading time\" \/>\n\t<meta name=\"twitter:data1\" content=\"1 minute\" \/>\n<script type=\"application\/ld+json\" class=\"yoast-schema-graph\">{\"@context\":\"https:\\\/\\\/schema.org\",\"@graph\":[{\"@type\":\"WebPage\",\"@id\":\"https:\\\/\\\/oncocare-austria.com\\\/tratament\\\/\",\"url\":\"https:\\\/\\\/oncocare-austria.com\\\/tratament\\\/\",\"name\":\"Tratament Oncologic Personalizat \u00een Austria - OncoCare Austria\",\"isPartOf\":{\"@id\":\"https:\\\/\\\/oncocare-austria.com\\\/#website\"},\"primaryImageOfPage\":{\"@id\":\"https:\\\/\\\/oncocare-austria.com\\\/tratament\\\/#primaryimage\"},\"image\":{\"@id\":\"https:\\\/\\\/oncocare-austria.com\\\/tratament\\\/#primaryimage\"},\"thumbnailUrl\":\"https:\\\/\\\/oncocare-austria.com\\\/wp-content\\\/uploads\\\/2026\\\/02\\\/tratament-wide-scaled.jpg\",\"datePublished\":\"2021-08-21T09:42:14+00:00\",\"dateModified\":\"2026-02-09T06:36:24+00:00\",\"description\":\"Beneficia\u021bi de tratamente oncologice moderne \u0219i personalizate \u00een Austria. OncoCare v\u0103 ofer\u0103 chimioterapie, imunoterapie, radioterapie \u0219i ...\",\"breadcrumb\":{\"@id\":\"https:\\\/\\\/oncocare-austria.com\\\/tratament\\\/#breadcrumb\"},\"inLanguage\":\"en-US\",\"potentialAction\":[{\"@type\":\"ReadAction\",\"target\":[\"https:\\\/\\\/oncocare-austria.com\\\/tratament\\\/\"]}]},{\"@type\":\"ImageObject\",\"inLanguage\":\"en-US\",\"@id\":\"https:\\\/\\\/oncocare-austria.com\\\/tratament\\\/#primaryimage\",\"url\":\"https:\\\/\\\/oncocare-austria.com\\\/wp-content\\\/uploads\\\/2026\\\/02\\\/tratament-wide-scaled.jpg\",\"contentUrl\":\"https:\\\/\\\/oncocare-austria.com\\\/wp-content\\\/uploads\\\/2026\\\/02\\\/tratament-wide-scaled.jpg\"},{\"@type\":\"BreadcrumbList\",\"@id\":\"https:\\\/\\\/oncocare-austria.com\\\/tratament\\\/#breadcrumb\",\"itemListElement\":[{\"@type\":\"ListItem\",\"position\":1,\"name\":\"Home\",\"item\":\"https:\\\/\\\/oncocare-austria.com\\\/\"},{\"@type\":\"ListItem\",\"position\":2,\"name\":\"Tratament\"}]},{\"@type\":\"WebSite\",\"@id\":\"https:\\\/\\\/oncocare-austria.com\\\/#website\",\"url\":\"https:\\\/\\\/oncocare-austria.com\\\/\",\"name\":\"OncoCare Austria\",\"description\":\"your best choice is here\",\"publisher\":{\"@id\":\"https:\\\/\\\/oncocare-austria.com\\\/#organization\"},\"potentialAction\":[{\"@type\":\"SearchAction\",\"target\":{\"@type\":\"EntryPoint\",\"urlTemplate\":\"https:\\\/\\\/oncocare-austria.com\\\/?s={search_term_string}\"},\"query-input\":{\"@type\":\"PropertyValueSpecification\",\"valueRequired\":true,\"valueName\":\"search_term_string\"}}],\"inLanguage\":\"en-US\"},{\"@type\":\"Organization\",\"@id\":\"https:\\\/\\\/oncocare-austria.com\\\/#organization\",\"name\":\"OncoCare Austria\",\"url\":\"https:\\\/\\\/oncocare-austria.com\\\/\",\"logo\":{\"@type\":\"ImageObject\",\"inLanguage\":\"en-US\",\"@id\":\"https:\\\/\\\/oncocare-austria.com\\\/#\\\/schema\\\/logo\\\/image\\\/\",\"url\":\"https:\\\/\\\/oncocare-austria.com\\\/wp-content\\\/uploads\\\/2020\\\/09\\\/cropped-LOGO-1.jpg\",\"contentUrl\":\"https:\\\/\\\/oncocare-austria.com\\\/wp-content\\\/uploads\\\/2020\\\/09\\\/cropped-LOGO-1.jpg\",\"width\":1159,\"height\":266,\"caption\":\"OncoCare Austria\"},\"image\":{\"@id\":\"https:\\\/\\\/oncocare-austria.com\\\/#\\\/schema\\\/logo\\\/image\\\/\"}}]}<\/script>\n<!-- \/ Yoast SEO plugin. -->","yoast_head_json":{"title":"Tratament Oncologic Personalizat \u00een Austria - OncoCare Austria","description":"Beneficia\u021bi de tratamente oncologice moderne \u0219i personalizate \u00een Austria. OncoCare v\u0103 ofer\u0103 chimioterapie, imunoterapie, radioterapie \u0219i ...","robots":{"index":"index","follow":"follow","max-snippet":"max-snippet:-1","max-image-preview":"max-image-preview:large","max-video-preview":"max-video-preview:-1"},"canonical":"https:\/\/oncocare-austria.com\/en\/tratament\/","og_locale":"en_US","og_type":"article","og_title":"Tratament Oncologic Personalizat \u00een Austria - OncoCare Austria","og_description":"Beneficia\u021bi de tratamente oncologice moderne \u0219i personalizate \u00een Austria. OncoCare v\u0103 ofer\u0103 chimioterapie, imunoterapie, radioterapie \u0219i ...","og_url":"https:\/\/oncocare-austria.com\/en\/tratament\/","og_site_name":"OncoCare Austria","article_modified_time":"2026-02-09T06:36:24+00:00","og_image":[{"width":2560,"height":1280,"url":"https:\/\/oncocare-austria.com\/wp-content\/uploads\/2026\/02\/tratament-wide-scaled.jpg","type":"image\/jpeg"}],"twitter_card":"summary_large_image","twitter_misc":{"Est. reading time":"1 minute"},"schema":{"@context":"https:\/\/schema.org","@graph":[{"@type":"WebPage","@id":"https:\/\/oncocare-austria.com\/tratament\/","url":"https:\/\/oncocare-austria.com\/tratament\/","name":"Tratament Oncologic Personalizat \u00een Austria - OncoCare Austria","isPartOf":{"@id":"https:\/\/oncocare-austria.com\/#website"},"primaryImageOfPage":{"@id":"https:\/\/oncocare-austria.com\/tratament\/#primaryimage"},"image":{"@id":"https:\/\/oncocare-austria.com\/tratament\/#primaryimage"},"thumbnailUrl":"https:\/\/oncocare-austria.com\/wp-content\/uploads\/2026\/02\/tratament-wide-scaled.jpg","datePublished":"2021-08-21T09:42:14+00:00","dateModified":"2026-02-09T06:36:24+00:00","description":"Beneficia\u021bi de tratamente oncologice moderne \u0219i personalizate \u00een Austria. OncoCare v\u0103 ofer\u0103 chimioterapie, imunoterapie, radioterapie \u0219i ...","breadcrumb":{"@id":"https:\/\/oncocare-austria.com\/tratament\/#breadcrumb"},"inLanguage":"en-US","potentialAction":[{"@type":"ReadAction","target":["https:\/\/oncocare-austria.com\/tratament\/"]}]},{"@type":"ImageObject","inLanguage":"en-US","@id":"https:\/\/oncocare-austria.com\/tratament\/#primaryimage","url":"https:\/\/oncocare-austria.com\/wp-content\/uploads\/2026\/02\/tratament-wide-scaled.jpg","contentUrl":"https:\/\/oncocare-austria.com\/wp-content\/uploads\/2026\/02\/tratament-wide-scaled.jpg"},{"@type":"BreadcrumbList","@id":"https:\/\/oncocare-austria.com\/tratament\/#breadcrumb","itemListElement":[{"@type":"ListItem","position":1,"name":"Home","item":"https:\/\/oncocare-austria.com\/"},{"@type":"ListItem","position":2,"name":"Tratament"}]},{"@type":"WebSite","@id":"https:\/\/oncocare-austria.com\/#website","url":"https:\/\/oncocare-austria.com\/","name":"OncoCare Austria","description":"your best choice is here","publisher":{"@id":"https:\/\/oncocare-austria.com\/#organization"},"potentialAction":[{"@type":"SearchAction","target":{"@type":"EntryPoint","urlTemplate":"https:\/\/oncocare-austria.com\/?s={search_term_string}"},"query-input":{"@type":"PropertyValueSpecification","valueRequired":true,"valueName":"search_term_string"}}],"inLanguage":"en-US"},{"@type":"Organization","@id":"https:\/\/oncocare-austria.com\/#organization","name":"OncoCare Austria","url":"https:\/\/oncocare-austria.com\/","logo":{"@type":"ImageObject","inLanguage":"en-US","@id":"https:\/\/oncocare-austria.com\/#\/schema\/logo\/image\/","url":"https:\/\/oncocare-austria.com\/wp-content\/uploads\/2020\/09\/cropped-LOGO-1.jpg","contentUrl":"https:\/\/oncocare-austria.com\/wp-content\/uploads\/2020\/09\/cropped-LOGO-1.jpg","width":1159,"height":266,"caption":"OncoCare Austria"},"image":{"@id":"https:\/\/oncocare-austria.com\/#\/schema\/logo\/image\/"}}]}},"_links":{"self":[{"href":"https:\/\/oncocare-austria.com\/en\/wp-json\/wp\/v2\/pages\/5967","targetHints":{"allow":["GET"]}}],"collection":[{"href":"https:\/\/oncocare-austria.com\/en\/wp-json\/wp\/v2\/pages"}],"about":[{"href":"https:\/\/oncocare-austria.com\/en\/wp-json\/wp\/v2\/types\/page"}],"author":[{"embeddable":true,"href":"https:\/\/oncocare-austria.com\/en\/wp-json\/wp\/v2\/users\/1"}],"replies":[{"embeddable":true,"href":"https:\/\/oncocare-austria.com\/en\/wp-json\/wp\/v2\/comments?post=5967"}],"version-history":[{"count":64,"href":"https:\/\/oncocare-austria.com\/en\/wp-json\/wp\/v2\/pages\/5967\/revisions"}],"predecessor-version":[{"id":7336,"href":"https:\/\/oncocare-austria.com\/en\/wp-json\/wp\/v2\/pages\/5967\/revisions\/7336"}],"wp:attachment":[{"href":"https:\/\/oncocare-austria.com\/en\/wp-json\/wp\/v2\/media?parent=5967"}],"curies":[{"name":"wp","href":"https:\/\/api.w.org\/{rel}","templated":true}]}}